{"id":3,"date":"2023-03-13T22:37:56","date_gmt":"2023-03-14T03:37:56","guid":{"rendered":"https:\/\/articcompany.com\/web\/?page_id=3"},"modified":"2023-04-22T18:00:41","modified_gmt":"2023-04-22T23:00:41","slug":"politica-privacidad","status":"publish","type":"page","link":"https:\/\/articcompany.com\/web\/politica-privacidad\/","title":{"rendered":"Pol\u00edtica de privacidad"},"content":{"rendered":"\t\t<div data-elementor-type=\"wp-page\" data-elementor-id=\"3\" class=\"elementor elementor-3\" data-elementor-post-type=\"page\">\n\t\t\t\t\t\t<section class=\"elementor-section elementor-top-section elementor-element elementor-element-211857bb elementor-section-boxed elementor-section-height-default elementor-section-height-default\" data-id=\"211857bb\" data-element_type=\"section\" data-e-type=\"section\">\n\t\t\t\t\t\t<div class=\"elementor-container elementor-column-gap-default\">\n\t\t\t\t\t<div class=\"elementor-column elementor-col-100 elementor-top-column elementor-element elementor-element-1b967a72\" data-id=\"1b967a72\" data-element_type=\"column\" data-e-type=\"column\">\n\t\t\t<div class=\"elementor-widget-wrap elementor-element-populated\">\n\t\t\t\t\t\t<div class=\"elementor-element elementor-element-71f75222 elementor-widget elementor-widget-text-editor\" data-id=\"71f75222\" data-element_type=\"widget\" data-e-type=\"widget\" data-widget_type=\"text-editor.default\">\n\t\t\t\t<div class=\"elementor-widget-container\">\n\t\t\t\t\t\t\t\t\t\n<h2 class=\"wp-block-heading\">Qui\u00e9nes somos<\/h2>\n\n<p>Bienvenido al sitio web de Artic Company S.A.S. El acceso y uso de este sitio web est\u00e1n sujetos a los siguientes t\u00e9rminos, condiciones y pol\u00edticas de privacidad. Al acceder o utilizar este sitio web, usted acepta estos t\u00e9rminos y condiciones en su totalidad.<\/p>\n\n<p>Nuestra direcci\u00f3n de sitio web es: https:\/\/articcompany.com<\/p>\n\n<h2 class=\"wp-block-heading\">Propiedad del sitio<\/h2>\n\n<p>Este sitio web y su contenido son propiedad exclusiva de Artic Company S.A.S. Todos los derechos de autor y otros derechos de propiedad intelectual relacionados con el sitio web y su contenido son propiedad de Artic Company S.A.S. No se permite la reproducci\u00f3n, distribuci\u00f3n, exhibici\u00f3n p\u00fablica, transmisi\u00f3n, adaptaci\u00f3n, traducci\u00f3n, modificaci\u00f3n, alteraci\u00f3n o uso comercial del sitio web o su contenido sin el permiso previo y por escrito por parte de Artic Company S.A.S.<\/p>\n\n<h2 class=\"wp-block-heading\">Uso del sitio<\/h2>\n\n<p>El uso de este sitio web est\u00e1 destinado solo para fines legales y se proh\u00edbe cualquier uso que viole las leyes aplicables. El usuario del sitio web no debe utilizar este sitio web para:<\/p>\n\n<ul class=\"wp-block-list\">\n<li>Cualquier actividad ilegal, fraudulenta o enga\u00f1osa.<\/li>\n\n<li>Cualquier actividad que viole los derechos de propiedad intelectual de terceros.<\/li>\n\n<li>Cualquier actividad que da\u00f1e, inutilice o sobrecargue el sitio web o su infraestructura t\u00e9cnica.<\/li>\n\n<li>Cualquier actividad que interfiera con el uso del sitio web por parte de otros usuarios.<\/li>\n\n<li>Cualquier actividad que contenga virus inform\u00e1ticos o cualquier otro c\u00f3digo, archivo o programa inform\u00e1tico dise\u00f1ado para interrumpir, da\u00f1ar o limitar la funcionalidad del sitio web.<\/li>\n<\/ul>\n\n<p>\u00a0<\/p>\n<p><strong>Limitaci\u00f3n de responsabilidad<br \/><\/strong>En ning\u00fan caso nuestra empresa ser\u00e1 responsable por da\u00f1os directos, indirectos, incidentales, especiales, consecuentes o punitivos, ni por la p\u00e9rdida de beneficios, ingresos, datos, uso, buena voluntad u otras p\u00e9rdidas intangibles, resultantes del uso del Sitio o de la imposibilidad de usarlo, incluso si nuestra empresa ha sido advertida de la posibilidad de dichos da\u00f1os.<\/p>\n\n<h2 class=\"wp-block-heading\">Cookies<\/h2>\n\n<p>Si deja un comentario en nuestro sitio, puedes optar por guardar tu nombre, direcci\u00f3n de correo electr\u00f3nico y sitio web en cookies. Estos es para tu comodidad y no tengas que volver a rellenar tus datos cuando dejes otro comentario. Estas cookies tendr\u00e1n un a\u00f1o de duraci\u00f3n.<\/p>\n\n<p>Si visitas nuestra p\u00e1gina de Acceso, se instalar\u00e1 una cookie temporal para determinar si tu navegador acepta cookies. Esta cookie no contiene datos personales y se elimina al cerrar el navegador.<\/p>\n\n<p>Cuando inicies sesi\u00f3n, se instalar\u00e1n varias cookies para guardar tu informaci\u00f3n de acceso y opciones de visualizaci\u00f3n de pantalla. Las cookies de acceso permanecer\u00e1n por dos d\u00edas y las cookies de opciones de pantalla se guardar\u00e1n por un a\u00f1o. Si seleccionas \u00abRecu\u00e9rdarme\u00bb en tu inicio de sesi\u00f3n, estas se guardar\u00e1n por dos semanas. Si cierra la sesi\u00f3n de tu cuenta, las cookies de acceso se eliminar\u00e1n.<\/p>\n\n<p>Si editas o publicas un art\u00edculo se guardar\u00e1 una cookie adicional en tu navegador. Esta cookie no incluye datos personales y simplemente indica el ID del art\u00edculo que acabas de editar. Caduca despu\u00e9s de 1 d\u00eda.<\/p>\n\n<h2 class=\"wp-block-heading\">Contenido incrustado de otros sitios web<\/h2>\n\n<p>Los art\u00edculos de este sitio pueden incluir contenido incrustado (por ejemplo, v\u00eddeos, im\u00e1genes, art\u00edculos, etc.). El contenido incrustado de otras webs se comporta exactamente de la misma manera que si el visitante hubiera visitado la otra web.<\/p>\n\n<p>Estas web pueden recopilar datos sobre ti, utilizar cookies, incrustar un seguimiento adicional de terceros, y supervisar tu interacci\u00f3n con ese contenido incrustado, incluido el seguimiento de tu interacci\u00f3n con el contenido incrustado si tienes una cuenta y est\u00e1s conectado a esa web.<\/p>\n\n<h2 class=\"wp-block-heading\">Cu\u00e1nto tiempo conservamos tus datos<\/h2>\n\n<p>Si dejas un comentario, el comentario y sus metadatos se conservan indefinidamente. Esto es para que podamos reconocer y aprobar autom\u00e1ticamente cualquier comentario de seguimiento en lugar de mantenerlos en una cola de moderaci\u00f3n.<\/p>\n\n<p>Para los usuarios que se registren en nuestro sitio web (si los hay), se almacenar\u00e1n todos sus datos de informaci\u00f3n personal que proporcionen. Cualquier usuario puede ver, editar o eliminar su informaci\u00f3n personal cuando lo desee (a excepci\u00f3n del nombre de usuario que no se puede editar). Los administradores de sitios web, tambi\u00e9n pueden ver y editar dicha informaci\u00f3n.<\/p>\n\n<h2 class=\"wp-block-heading\">Qu\u00e9 derechos tienes sobre tus datos<\/h2>\n\n<p>Si tienes una cuenta en este sitio, o ha dejado comentarios, puedes solicitar la exportaci\u00f3n de un archivo con tus datos personales recopilados, incluyendo cualquier otro dato que nos haya proporcionado. Tambi\u00e9n puede solicitar la eliminaci\u00f3n de cualquier dato personal que guardemos sobre ti. Esto no incluye los datos que estamos obligados a conservar para fines administrativos, legales o de seguridad.<\/p>\n\t\t\t\t\t\t\t\t<\/div>\n\t\t\t\t<\/div>\n\t\t\t\t\t<\/div>\n\t\t<\/div>\n\t\t\t\t\t<\/div>\n\t\t<\/section>\n\t\t\t\t<section class=\"elementor-section elementor-top-section elementor-element elementor-element-af652ae elementor-section-boxed elementor-section-height-default elementor-section-height-default\" data-id=\"af652ae\" data-element_type=\"section\" data-e-type=\"section\">\n\t\t\t\t\t\t<div class=\"elementor-container elementor-column-gap-default\">\n\t\t\t\t\t<div class=\"elementor-column elementor-col-100 elementor-top-column elementor-element elementor-element-62a569a\" data-id=\"62a569a\" data-element_type=\"column\" data-e-type=\"column\">\n\t\t\t<div class=\"elementor-widget-wrap elementor-element-populated\">\n\t\t\t\t\t\t<div class=\"elementor-element elementor-element-3659d74 elementor-align-center elementor-widget elementor-widget-iteck-button\" data-id=\"3659d74\" data-element_type=\"widget\" data-e-type=\"widget\" data-widget_type=\"iteck-button.default\">\n\t\t\t\t<div class=\"elementor-widget-container\">\n\t\t\t\t\t\r\n\t\t<a href=\"https:\/\/wa.link\/ushcnv\"  class=\"iteck-button animated-gradient-bg\">\r\n\t\t\t<span class=\"iteck-button-content-wrapper\">\r\n\t\t\t\t\t\t\t\t<span class=\"iteck-button-text\">\r\n\t\t\t\t\t\u00bfTienes alguna duda? Cont\u00e1ctanos\t\t\t\t<\/span>\r\n\t\t\t\t\t\t\t<\/span>\r\n\t\t<\/a>\r\n\r\n\t\t\t\t<\/div>\n\t\t\t\t<\/div>\n\t\t\t\t\t<\/div>\n\t\t<\/div>\n\t\t\t\t\t<\/div>\n\t\t<\/section>\n\t\t\t\t<\/div>\n\t\t","protected":false},"excerpt":{"rendered":"<p>Qui\u00e9nes somos Bienvenido al sitio web de Artic Company S.A.S. El acceso y uso de este sitio web est\u00e1n sujetos a los siguientes t\u00e9rminos, condiciones y pol\u00edticas de privacidad. Al acceder o utilizar este sitio web, usted acepta estos t\u00e9rminos y condiciones en su totalidad. Nuestra direcci\u00f3n de sitio web es: https:\/\/articcompany.com Propiedad del sitio Este sitio web y su &hellip;<\/p>\n","protected":false},"author":1,"featured_media":0,"parent":0,"menu_order":0,"comment_status":"closed","ping_status":"open","template":"iteck-builder.php","meta":{"om_disable_all_campaigns":false,"_monsterinsights_skip_tracking":false,"_monsterinsights_sitenote_active":false,"_monsterinsights_sitenote_note":"","_monsterinsights_sitenote_category":0,"footnotes":""},"class_list":["post-3","page","type-page","status-publish","hentry"],"aioseo_notices":[],"_links":{"self":[{"href":"https:\/\/articcompany.com\/web\/wp-json\/wp\/v2\/pages\/3","targetHints":{"allow":["GET"]}}],"collection":[{"href":"https:\/\/articcompany.com\/web\/wp-json\/wp\/v2\/pages"}],"about":[{"href":"https:\/\/articcompany.com\/web\/wp-json\/wp\/v2\/types\/page"}],"author":[{"embeddable":true,"href":"https:\/\/articcompany.com\/web\/wp-json\/wp\/v2\/users\/1"}],"replies":[{"embeddable":true,"href":"https:\/\/articcompany.com\/web\/wp-json\/wp\/v2\/comments?post=3"}],"version-history":[{"count":5,"href":"https:\/\/articcompany.com\/web\/wp-json\/wp\/v2\/pages\/3\/revisions"}],"predecessor-version":[{"id":2371,"href":"https:\/\/articcompany.com\/web\/wp-json\/wp\/v2\/pages\/3\/revisions\/2371"}],"wp:attachment":[{"href":"https:\/\/articcompany.com\/web\/wp-json\/wp\/v2\/media?parent=3"}],"curies":[{"name":"wp","href":"https:\/\/api.w.org\/{rel}","templated":true}]}}